{"id":37,"date":"2020-11-03T20:11:47","date_gmt":"2020-11-03T20:11:47","guid":{"rendered":"https:\/\/themes.getmotopress.com\/albatross\/?page_id=37"},"modified":"2023-05-02T13:02:00","modified_gmt":"2023-05-02T11:02:00","slug":"comfortable-rooms","status":"publish","type":"page","link":"https:\/\/sommersfewo.de\/?page_id=37","title":{"rendered":"Gem\u00fctliche Atmosph\u00e4re"},"content":{"rendered":"\n<blockquote class=\"wp-block-quote is-layout-flow wp-block-quote-is-layout-flow\">\n<p>&#8222;Ein gem\u00fctliches Zuhause ist wie eine warme Umarmung.&#8220; <\/p>\n<cite>&#8211; Unbekannt<\/cite><\/blockquote>\n\n\n\n<p>Eine gem\u00fctliche Atmosph\u00e4re kann unser Wohlbefinden erheblich beeinflussen. Ein Raum, der mit Liebe und Sorgfalt gestaltet ist, kann uns das Gef\u00fchl von Geborgenheit und Entspannung vermitteln. Eine weiche Decke auf dem Sofa, ged\u00e4mpftes Licht und der Duft von frischen Blumen k\u00f6nnen uns dabei helfen, den Alltagsstress hinter uns zu lassen und uns zu erholen. Aber eine gem\u00fctliche Atmosph\u00e4re kann nicht nur zu Hause, sondern auch an anderen Orten geschaffen werden, wie zum Beispiel in einem Caf\u00e9 oder einem Hotelzimmer. Letztendlich geht es darum, sich an einem Ort wohl und geborgen zu f\u00fchlen und sich von der Hektik des Alltags zu erholen.<\/p>\n","protected":false},"excerpt":{"rendered":"<p>stylische, moderne Zimmer<\/p>\n","protected":false},"author":1,"featured_media":467,"parent":26,"menu_order":0,"comment_status":"closed","ping_status":"closed","template":"","meta":{"footnotes":""},"class_list":["post-37","page","type-page","status-publish","has-post-thumbnail","hentry"],"_links":{"self":[{"href":"https:\/\/sommersfewo.de\/index.php?rest_route=\/wp\/v2\/pages\/37","targetHints":{"allow":["GET"]}}],"collection":[{"href":"https:\/\/sommersfewo.de\/index.php?rest_route=\/wp\/v2\/pages"}],"about":[{"href":"https:\/\/sommersfewo.de\/index.php?rest_route=\/wp\/v2\/types\/page"}],"author":[{"embeddable":true,"href":"https:\/\/sommersfewo.de\/index.php?rest_route=\/wp\/v2\/users\/1"}],"replies":[{"embeddable":true,"href":"https:\/\/sommersfewo.de\/index.php?rest_route=%2Fwp%2Fv2%2Fcomments&post=37"}],"version-history":[{"count":4,"href":"https:\/\/sommersfewo.de\/index.php?rest_route=\/wp\/v2\/pages\/37\/revisions"}],"predecessor-version":[{"id":525,"href":"https:\/\/sommersfewo.de\/index.php?rest_route=\/wp\/v2\/pages\/37\/revisions\/525"}],"up":[{"embeddable":true,"href":"https:\/\/sommersfewo.de\/index.php?rest_route=\/wp\/v2\/pages\/26"}],"wp:featuredmedia":[{"embeddable":true,"href":"https:\/\/sommersfewo.de\/index.php?rest_route=\/wp\/v2\/media\/467"}],"wp:attachment":[{"href":"https:\/\/sommersfewo.de\/index.php?rest_route=%2Fwp%2Fv2%2Fmedia&parent=37"}],"curies":[{"name":"wp","href":"https:\/\/api.w.org\/{rel}","templated":true}]}}