{"id":35,"date":"2020-11-03T20:11:24","date_gmt":"2020-11-03T20:11:24","guid":{"rendered":"https:\/\/themes.getmotopress.com\/albatross\/?page_id=35"},"modified":"2023-05-02T13:05:54","modified_gmt":"2023-05-02T11:05:54","slug":"welcome-to-design-hotel","status":"publish","type":"page","link":"https:\/\/sommersfewo.de\/?page_id=35","title":{"rendered":"Willkommen im Kaiserstuhl"},"content":{"rendered":"\t\t<div data-elementor-type=\"wp-page\" data-elementor-id=\"35\" class=\"elementor elementor-35\">\n\t\t\t\t\t\t\t\t\t<section class=\"elementor-section elementor-top-section elementor-element elementor-element-18ce71d elementor-section-boxed elementor-section-height-default elementor-section-height-default\" data-id=\"18ce71d\" data-element_type=\"section\">\n\t\t\t\t\t\t<div class=\"elementor-container elementor-column-gap-default\">\n\t\t\t\t\t<div class=\"elementor-column elementor-col-100 elementor-top-column elementor-element elementor-element-60b0722\" data-id=\"60b0722\" data-element_type=\"column\">\n\t\t\t<div class=\"elementor-widget-wrap elementor-element-populated\">\n\t\t\t\t\t\t\t\t<div class=\"elementor-element elementor-element-6ca4aec elementor-widget elementor-widget-text-editor\" data-id=\"6ca4aec\" data-element_type=\"widget\" data-widget_type=\"text-editor.default\">\n\t\t\t\t<div class=\"elementor-widget-container\">\n\t\t\t<style>\/*! elementor - v3.12.2 - 23-04-2023 *\/\n.elementor-widget-text-editor.elementor-drop-cap-view-stacked .elementor-drop-cap{background-color:#69727d;color:#fff}.elementor-widget-text-editor.elementor-drop-cap-view-framed .elementor-drop-cap{color:#69727d;border:3px solid;background-color:transparent}.elementor-widget-text-editor:not(.elementor-drop-cap-view-default) .elementor-drop-cap{margin-top:8px}.elementor-widget-text-editor:not(.elementor-drop-cap-view-default) .elementor-drop-cap-letter{width:1em;height:1em}.elementor-widget-text-editor .elementor-drop-cap{float:left;text-align:center;line-height:1;font-size:50px}.elementor-widget-text-editor .elementor-drop-cap-letter{display:inline-block}<\/style>\t\t\t\t<div class=\"flex flex-grow flex-col gap-3\"><div class=\"min-h-[20px] flex flex-col items-start gap-4 whitespace-pre-wrap break-words\"><div class=\"markdown prose w-full break-words dark:prose-invert light\"><p>Willkommen im Kaiserstuhl, einem Juwel im S\u00fcdwesten Deutschlands mit malerischen Weinbergen und herrlicher Natur.<br \/>Entdecken Sie die atemberaubende Sch\u00f6nheit des Kaiserstuhls, wo sich sanfte H\u00fcgel mit idyllischen D\u00f6rfern und historischen Weing\u00fctern abwechseln.<br \/><br \/>Erleben Sie die Faszination einer der w\u00e4rmsten und sonnenreichsten Regionen Deutschlands und genie\u00dfen Sie den einzigartigen Charakter der Kaiserstuhler Weine.<br \/>Lassen Sie sich vom Kaiserstuhl verzaubern &#8211; einer Region voller Kontraste und \u00dcberraschungen, die Ihnen unvergessliche Erlebnisse und Erinnerungen bescheren wird.<br \/>Tauchen Sie ein in die Welt des Kaiserstuhls, wo Tradition und Moderne harmonisch verschmelzen und wo Sie unverf\u00e4lschte Gastfreundschaft und unvergleichliche Naturerlebnisse erwarten.<\/p><\/div><\/div><\/div>\t\t\t\t\t\t<\/div>\n\t\t\t\t<\/div>\n\t\t\t\t\t<\/div>\n\t\t<\/div>\n\t\t\t\t\t\t\t<\/div>\n\t\t<\/section>\n\t\t\t\t\t\t\t<\/div>\n\t\t","protected":false},"excerpt":{"rendered":"<p>Wir freuen uns auf ihren Besuch<\/p>\n","protected":false},"author":1,"featured_media":464,"parent":26,"menu_order":0,"comment_status":"closed","ping_status":"closed","template":"","meta":{"footnotes":""},"class_list":["post-35","page","type-page","status-publish","has-post-thumbnail","hentry"],"_links":{"self":[{"href":"https:\/\/sommersfewo.de\/index.php?rest_route=\/wp\/v2\/pages\/35","targetHints":{"allow":["GET"]}}],"collection":[{"href":"https:\/\/sommersfewo.de\/index.php?rest_route=\/wp\/v2\/pages"}],"about":[{"href":"https:\/\/sommersfewo.de\/index.php?rest_route=\/wp\/v2\/types\/page"}],"author":[{"embeddable":true,"href":"https:\/\/sommersfewo.de\/index.php?rest_route=\/wp\/v2\/users\/1"}],"replies":[{"embeddable":true,"href":"https:\/\/sommersfewo.de\/index.php?rest_route=%2Fwp%2Fv2%2Fcomments&post=35"}],"version-history":[{"count":10,"href":"https:\/\/sommersfewo.de\/index.php?rest_route=\/wp\/v2\/pages\/35\/revisions"}],"predecessor-version":[{"id":531,"href":"https:\/\/sommersfewo.de\/index.php?rest_route=\/wp\/v2\/pages\/35\/revisions\/531"}],"up":[{"embeddable":true,"href":"https:\/\/sommersfewo.de\/index.php?rest_route=\/wp\/v2\/pages\/26"}],"wp:featuredmedia":[{"embeddable":true,"href":"https:\/\/sommersfewo.de\/index.php?rest_route=\/wp\/v2\/media\/464"}],"wp:attachment":[{"href":"https:\/\/sommersfewo.de\/index.php?rest_route=%2Fwp%2Fv2%2Fmedia&parent=35"}],"curies":[{"name":"wp","href":"https:\/\/api.w.org\/{rel}","templated":true}]}}